{"id":650,"date":"2018-06-13T23:40:26","date_gmt":"2018-06-13T21:40:26","guid":{"rendered":"http:\/\/www.pelantransport.cz\/?page_id=650"},"modified":"2018-06-20T23:36:57","modified_gmt":"2018-06-20T21:36:57","slug":"preprava-kusovych-a-paletovych-zasilek","status":"publish","type":"page","link":"https:\/\/www.pelantransport.cz\/pl\/preprava-kusovych-a-paletovych-zasilek\/","title":{"rendered":"Transport przesy\u0142ek drobnicowych i paletowych (us\u0142uga odbioru)"},"content":{"rendered":"<p>W sprzyjaj\u0105cych warunkach cenowych zapewniamy transport w postaci dokument\u00f3w. Nawet przy tego rodzaju transporcie, 90% przesy\u0142ek dostarczanych jest w ci\u0105gu 48 godzin do klienta!<\/p>\n","protected":false},"excerpt":{"rendered":"<p>W sprzyjaj\u0105cych warunkach cenowych zapewniamy transport w postaci dokument\u00f3w. Nawet przy tego rodzaju transporcie, 90% przesy\u0142ek dostarczanych jest w ci\u0105gu 48 godzin do klienta!<\/p>\n","protected":false},"author":1,"featured_media":0,"parent":0,"menu_order":4,"comment_status":"closed","ping_status":"closed","template":"","meta":{"footnotes":""},"class_list":["post-650","page","type-page","status-publish","hentry","gallery-content-unit"],"translation":{"provider":"WPGlobus","version":"3.0.2","language":"pl","enabled_languages":["cz","de","pl"],"languages":{"cz":{"title":true,"content":true,"excerpt":false},"de":{"title":true,"content":true,"excerpt":false},"pl":{"title":true,"content":true,"excerpt":false}}},"_links":{"self":[{"href":"https:\/\/www.pelantransport.cz\/pl\/wp-json\/wp\/v2\/pages\/650","targetHints":{"allow":["GET"]}}],"collection":[{"href":"https:\/\/www.pelantransport.cz\/pl\/wp-json\/wp\/v2\/pages"}],"about":[{"href":"https:\/\/www.pelantransport.cz\/pl\/wp-json\/wp\/v2\/types\/page"}],"author":[{"embeddable":true,"href":"https:\/\/www.pelantransport.cz\/pl\/wp-json\/wp\/v2\/users\/1"}],"replies":[{"embeddable":true,"href":"https:\/\/www.pelantransport.cz\/pl\/wp-json\/wp\/v2\/comments?post=650"}],"version-history":[{"count":3,"href":"https:\/\/www.pelantransport.cz\/pl\/wp-json\/wp\/v2\/pages\/650\/revisions"}],"predecessor-version":[{"id":824,"href":"https:\/\/www.pelantransport.cz\/pl\/wp-json\/wp\/v2\/pages\/650\/revisions\/824"}],"wp:attachment":[{"href":"https:\/\/www.pelantransport.cz\/pl\/wp-json\/wp\/v2\/media?parent=650"}],"curies":[{"name":"wp","href":"https:\/\/api.w.org\/{rel}","templated":true}]}}